{"id":71609,"date":"2025-11-27T20:03:29","date_gmt":"2025-11-27T19:03:29","guid":{"rendered":"https:\/\/nordicpadel.com\/fi\/product\/asics-gel-challenger-13-padel\/"},"modified":"2026-02-02T17:08:49","modified_gmt":"2026-02-02T16:08:49","slug":"asics-gel-challenger-13-padel","status":"publish","type":"product","link":"https:\/\/nordicpadel.com\/fi\/product\/asics-gel-challenger-13-padel\/","title":{"rendered":"ASICS Gel Challenger 13 Padel"},"content":{"rendered":"<p>Prisv\u00e4rt val med med m\u00e5nga egenutvecklade teknologier ifr\u00e5n Asics som har en dominerande st\u00e4llning p\u00e5 marknaden n\u00e4r det kommer till skor. Gel-Challenger Padel \u00e4r inget undantag. Skorna har f\u00f6rst\u00e4rkning vid fotens utsida f\u00f6r att ge maximalt st\u00f6d i sidledsr\u00f6relser. I sulan \u00e5terifnns Asics Gel-teknolgi som ger en sk\u00f6n och behaglig d\u00e4mpning.<\/p>\n<p>Skon har en allcourt-sula som l\u00e4mpar sig perfekt f\u00f6r padelspel p\u00e5 banor med mindre sand.<br \/>L\u00e4s g\u00e4rna v\u00e5r <a href=\"https:\/\/nordicpadel.com\/sv\/guide-padelskor\/\">skoguide<\/a> som inneh\u00e5ller tips samt en storleksguide f\u00f6r att hj\u00e4lpa dig hitta r\u00e4tt skor.<\/p>\n","protected":false},"excerpt":{"rendered":"<p>Prisv\u00e4rt val med med m\u00e5nga egenutvecklade teknologier ifr\u00e5n Asics som har en dominerande st\u00e4llning p\u00e5 marknaden n\u00e4r det kommer till skor. Gel-Challenger Padel \u00e4r inget undantag. Skorna har f\u00f6rst\u00e4rkning vid fotens utsida f\u00f6r att ge maximalt st\u00f6d i sidledsr\u00f6relser. I sulan \u00e5terifnns Asics Gel-teknolgi som ger en sk\u00f6n och behaglig d\u00e4mpning. Skon har en allcourt-sula [&hellip;]<\/p>\n","protected":false},"featured_media":71608,"comment_status":"open","ping_status":"closed","template":"","meta":[],"pwb-brand":[],"product_cat":[467,38],"product_tag":[],"woo-feed-brand":[],"class_list":{"0":"post-71609","1":"product","2":"type-product","3":"status-publish","4":"has-post-thumbnail","6":"product_cat-asics","7":"product_cat-miesten-padel-kengat","9":"first","10":"outofstock","11":"taxable","12":"shipping-taxable","13":"product-type-variable"},"bundled_by":[],"bundle_stock_status":"outofstock","bundle_stock_quantity":0,"bundle_virtual":false,"bundle_layout":"","bundle_add_to_cart_form_location":"","bundle_editable_in_cart":false,"bundle_sold_individually_context":"","bundle_item_grouping":"","bundle_min_size":"","bundle_max_size":"","bundled_items":[],"bundle_sell_ids":[],"acf":[],"yoast_head":"<!-- This site is optimized with the Yoast SEO plugin v23.1 - https:\/\/yoast.com\/wordpress\/plugins\/seo\/ -->\n<title>ASICS Gel Challenger 13 Padel - Nordicpadel - FI<\/title>\n<meta name=\"robots\" content=\"noindex, follow, max-snippet:-1, max-image-preview:large, max-video-preview:-1\" \/>\n<meta property=\"og:locale\" content=\"fi_FI\" \/>\n<meta property=\"og:type\" content=\"article\" \/>\n<meta property=\"og:title\" content=\"ASICS Gel Challenger 13 Padel - Nordicpadel - FI\" \/>\n<meta property=\"og:description\" content=\"Prisv\u00e4rt val med med m\u00e5nga egenutvecklade teknologier ifr\u00e5n Asics som har en dominerande st\u00e4llning p\u00e5 marknaden n\u00e4r det kommer till skor. Gel-Challenger Padel \u00e4r inget undantag. Skorna har f\u00f6rst\u00e4rkning vid fotens utsida f\u00f6r att ge maximalt st\u00f6d i sidledsr\u00f6relser. I sulan \u00e5terifnns Asics Gel-teknolgi som ger en sk\u00f6n och behaglig d\u00e4mpning. Skon har en allcourt-sula [&hellip;]\" \/>\n<meta property=\"og:url\" content=\"https:\/\/nordicpadel.com\/fi\/product\/asics-gel-challenger-13-padel\/\" \/>\n<meta property=\"og:site_name\" content=\"Nordicpadel - FI\" \/>\n<meta property=\"article:modified_time\" content=\"2026-02-02T16:08:49+00:00\" \/>\n<meta property=\"og:image\" content=\"https:\/\/nordicpadel.com\/fi\/wp-content\/uploads\/sites\/17\/2025\/11\/add0bc3624da1a4fb906f605c455a807.png\" \/>\n\t<meta property=\"og:image:width\" content=\"800\" \/>\n\t<meta property=\"og:image:height\" content=\"800\" \/>\n\t<meta property=\"og:image:type\" content=\"image\/png\" \/>\n<meta name=\"twitter:card\" content=\"summary_large_image\" \/>\n<meta name=\"twitter:label1\" content=\"Arvioitu lukuaika\" \/>\n\t<meta name=\"twitter:data1\" content=\"1 minuutti\" \/>\n<script type=\"application\/ld+json\" class=\"yoast-schema-graph\">{\"@context\":\"https:\/\/schema.org\",\"@graph\":[{\"@type\":\"WebPage\",\"@id\":\"https:\/\/nordicpadel.com\/fi\/product\/asics-gel-challenger-13-padel\/\",\"url\":\"https:\/\/nordicpadel.com\/fi\/product\/asics-gel-challenger-13-padel\/\",\"name\":\"ASICS Gel Challenger 13 Padel - Nordicpadel - FI\",\"isPartOf\":{\"@id\":\"https:\/\/nordicpadel.com\/fi\/#website\"},\"primaryImageOfPage\":{\"@id\":\"https:\/\/nordicpadel.com\/fi\/product\/asics-gel-challenger-13-padel\/#primaryimage\"},\"image\":{\"@id\":\"https:\/\/nordicpadel.com\/fi\/product\/asics-gel-challenger-13-padel\/#primaryimage\"},\"thumbnailUrl\":\"https:\/\/nordicpadel.com\/fi\/wp-content\/uploads\/sites\/17\/2025\/11\/add0bc3624da1a4fb906f605c455a807.png\",\"datePublished\":\"2025-11-27T19:03:29+00:00\",\"dateModified\":\"2026-02-02T16:08:49+00:00\",\"breadcrumb\":{\"@id\":\"https:\/\/nordicpadel.com\/fi\/product\/asics-gel-challenger-13-padel\/#breadcrumb\"},\"inLanguage\":\"fi\",\"potentialAction\":[{\"@type\":\"ReadAction\",\"target\":[\"https:\/\/nordicpadel.com\/fi\/product\/asics-gel-challenger-13-padel\/\"]}]},{\"@type\":\"ImageObject\",\"inLanguage\":\"fi\",\"@id\":\"https:\/\/nordicpadel.com\/fi\/product\/asics-gel-challenger-13-padel\/#primaryimage\",\"url\":\"https:\/\/nordicpadel.com\/fi\/wp-content\/uploads\/sites\/17\/2025\/11\/add0bc3624da1a4fb906f605c455a807.png\",\"contentUrl\":\"https:\/\/nordicpadel.com\/fi\/wp-content\/uploads\/sites\/17\/2025\/11\/add0bc3624da1a4fb906f605c455a807.png\",\"width\":800,\"height\":800,\"caption\":\"ASICS Gel Challenger 13 Padel\"},{\"@type\":\"BreadcrumbList\",\"@id\":\"https:\/\/nordicpadel.com\/fi\/product\/asics-gel-challenger-13-padel\/#breadcrumb\",\"itemListElement\":[{\"@type\":\"ListItem\",\"position\":1,\"name\":\"Hem\",\"item\":\"https:\/\/nordicpadel.com\/fi\/\"},{\"@type\":\"ListItem\",\"position\":2,\"name\":\"Shop\",\"item\":\"https:\/\/nordicpadel.com\/fi\/shop\/\"},{\"@type\":\"ListItem\",\"position\":3,\"name\":\"ASICS Gel Challenger 13 Padel\"}]},{\"@type\":\"WebSite\",\"@id\":\"https:\/\/nordicpadel.com\/fi\/#website\",\"url\":\"https:\/\/nordicpadel.com\/fi\/\",\"name\":\"Nordicpadel - FI\",\"description\":\"\",\"potentialAction\":[{\"@type\":\"SearchAction\",\"target\":{\"@type\":\"EntryPoint\",\"urlTemplate\":\"https:\/\/nordicpadel.com\/fi\/?s={search_term_string}\"},\"query-input\":\"required name=search_term_string\"}],\"inLanguage\":\"fi\"}]}<\/script>\n<!-- \/ Yoast SEO plugin. -->","yoast_head_json":{"title":"ASICS Gel Challenger 13 Padel - Nordicpadel - FI","robots":{"index":"noindex","follow":"follow","max-snippet":"max-snippet:-1","max-image-preview":"max-image-preview:large","max-video-preview":"max-video-preview:-1"},"og_locale":"fi_FI","og_type":"article","og_title":"ASICS Gel Challenger 13 Padel - Nordicpadel - FI","og_description":"Prisv\u00e4rt val med med m\u00e5nga egenutvecklade teknologier ifr\u00e5n Asics som har en dominerande st\u00e4llning p\u00e5 marknaden n\u00e4r det kommer till skor. Gel-Challenger Padel \u00e4r inget undantag. Skorna har f\u00f6rst\u00e4rkning vid fotens utsida f\u00f6r att ge maximalt st\u00f6d i sidledsr\u00f6relser. I sulan \u00e5terifnns Asics Gel-teknolgi som ger en sk\u00f6n och behaglig d\u00e4mpning. Skon har en allcourt-sula [&hellip;]","og_url":"https:\/\/nordicpadel.com\/fi\/product\/asics-gel-challenger-13-padel\/","og_site_name":"Nordicpadel - FI","article_modified_time":"2026-02-02T16:08:49+00:00","og_image":[{"width":800,"height":800,"url":"https:\/\/nordicpadel.com\/fi\/wp-content\/uploads\/sites\/17\/2025\/11\/add0bc3624da1a4fb906f605c455a807.png","type":"image\/png"}],"twitter_card":"summary_large_image","twitter_misc":{"Arvioitu lukuaika":"1 minuutti"},"schema":{"@context":"https:\/\/schema.org","@graph":[{"@type":"WebPage","@id":"https:\/\/nordicpadel.com\/fi\/product\/asics-gel-challenger-13-padel\/","url":"https:\/\/nordicpadel.com\/fi\/product\/asics-gel-challenger-13-padel\/","name":"ASICS Gel Challenger 13 Padel - Nordicpadel - FI","isPartOf":{"@id":"https:\/\/nordicpadel.com\/fi\/#website"},"primaryImageOfPage":{"@id":"https:\/\/nordicpadel.com\/fi\/product\/asics-gel-challenger-13-padel\/#primaryimage"},"image":{"@id":"https:\/\/nordicpadel.com\/fi\/product\/asics-gel-challenger-13-padel\/#primaryimage"},"thumbnailUrl":"https:\/\/nordicpadel.com\/fi\/wp-content\/uploads\/sites\/17\/2025\/11\/add0bc3624da1a4fb906f605c455a807.png","datePublished":"2025-11-27T19:03:29+00:00","dateModified":"2026-02-02T16:08:49+00:00","breadcrumb":{"@id":"https:\/\/nordicpadel.com\/fi\/product\/asics-gel-challenger-13-padel\/#breadcrumb"},"inLanguage":"fi","potentialAction":[{"@type":"ReadAction","target":["https:\/\/nordicpadel.com\/fi\/product\/asics-gel-challenger-13-padel\/"]}]},{"@type":"ImageObject","inLanguage":"fi","@id":"https:\/\/nordicpadel.com\/fi\/product\/asics-gel-challenger-13-padel\/#primaryimage","url":"https:\/\/nordicpadel.com\/fi\/wp-content\/uploads\/sites\/17\/2025\/11\/add0bc3624da1a4fb906f605c455a807.png","contentUrl":"https:\/\/nordicpadel.com\/fi\/wp-content\/uploads\/sites\/17\/2025\/11\/add0bc3624da1a4fb906f605c455a807.png","width":800,"height":800,"caption":"ASICS Gel Challenger 13 Padel"},{"@type":"BreadcrumbList","@id":"https:\/\/nordicpadel.com\/fi\/product\/asics-gel-challenger-13-padel\/#breadcrumb","itemListElement":[{"@type":"ListItem","position":1,"name":"Hem","item":"https:\/\/nordicpadel.com\/fi\/"},{"@type":"ListItem","position":2,"name":"Shop","item":"https:\/\/nordicpadel.com\/fi\/shop\/"},{"@type":"ListItem","position":3,"name":"ASICS Gel Challenger 13 Padel"}]},{"@type":"WebSite","@id":"https:\/\/nordicpadel.com\/fi\/#website","url":"https:\/\/nordicpadel.com\/fi\/","name":"Nordicpadel - FI","description":"","potentialAction":[{"@type":"SearchAction","target":{"@type":"EntryPoint","urlTemplate":"https:\/\/nordicpadel.com\/fi\/?s={search_term_string}"},"query-input":"required name=search_term_string"}],"inLanguage":"fi"}]}},"brands":[],"_links":{"self":[{"href":"https:\/\/nordicpadel.com\/fi\/wp-json\/wp\/v2\/product\/71609","targetHints":{"allow":["GET"]}}],"collection":[{"href":"https:\/\/nordicpadel.com\/fi\/wp-json\/wp\/v2\/product"}],"about":[{"href":"https:\/\/nordicpadel.com\/fi\/wp-json\/wp\/v2\/types\/product"}],"replies":[{"embeddable":true,"href":"https:\/\/nordicpadel.com\/fi\/wp-json\/wp\/v2\/comments?post=71609"}],"wp:featuredmedia":[{"embeddable":true,"href":"https:\/\/nordicpadel.com\/fi\/wp-json\/wp\/v2\/media\/71608"}],"wp:attachment":[{"href":"https:\/\/nordicpadel.com\/fi\/wp-json\/wp\/v2\/media?parent=71609"}],"wp:term":[{"taxonomy":"pwb-brand","embeddable":true,"href":"https:\/\/nordicpadel.com\/fi\/wp-json\/wp\/v2\/pwb-brand?post=71609"},{"taxonomy":"product_cat","embeddable":true,"href":"https:\/\/nordicpadel.com\/fi\/wp-json\/wp\/v2\/product_cat?post=71609"},{"taxonomy":"product_tag","embeddable":true,"href":"https:\/\/nordicpadel.com\/fi\/wp-json\/wp\/v2\/product_tag?post=71609"},{"taxonomy":"woo-feed-brand","embeddable":true,"href":"https:\/\/nordicpadel.com\/fi\/wp-json\/wp\/v2\/woo-feed-brand?post=71609"}],"curies":[{"name":"wp","href":"https:\/\/api.w.org\/{rel}","templated":true}]}}