{"id":71555,"date":"2025-11-27T16:02:35","date_gmt":"2025-11-27T15:02:35","guid":{"rendered":"https:\/\/nordicpadel.com\/fi\/product\/varlion-maxima-prisma-airflow-w\/"},"modified":"2025-11-27T16:02:35","modified_gmt":"2025-11-27T15:02:35","slug":"varlion-maxima-prisma-airflow-w","status":"publish","type":"product","link":"https:\/\/nordicpadel.com\/fi\/product\/varlion-maxima-prisma-airflow-w\/","title":{"rendered":"Varlion Maxima Prisma Airflow W"},"content":{"rendered":"<p>Varlion Maxima Summum Prisma Airflow \u00e4r det senaste racket i Maxima-familjen. Formen \u00e4r en mix av dropp och rund, vilket ger h\u00e4rliga allroundegenskaper med en sweet spot placerad strax \u00f6ver center i racket. Den stora nyheten p\u00e5 \u00e5rets modell \u00e4r Airflow-kanalerna i rackets tr\u00e4ffyta som ger ett mer l\u00e4ttsvingat och mer stabilt racket.<\/p>\n<p>Tr\u00e4ffytan \u00e4r tillverkad i 12k kolfiber och tillsammans med styvt EVA-skum i k\u00e4rnan ger detta ett h\u00e5rt racket som producerar explosiv fart och fin precision &#8211; men som ocks\u00e5 st\u00e4ller h\u00f6gre krav p\u00e5 dig som spelare. Tr\u00e4ffytan har vidare utrustats med en grov struktur f\u00f6r att producera extra spin i slagen.<\/p>\n<p>Racket har \u00e4ven ett l\u00e4ngre handtag f\u00f6r att ge spelaren ett mer bekv\u00e4mt grepp, men \u00e4ven f\u00f6r att g\u00f6ra det l\u00e4ttare att spela med dubbelfattad backhand.<br \/><br id=\"isPasted\">Detta \u00e4r ett av v\u00e5ra absoluta favoritracketar d\u00e5 det \u00e4r otroligt l\u00e4ttsvingat samtidigt som det ger en bra output och h\u00e4rlig k\u00e4nsla i spelet. Rekommenderas starkt!<\/p>\n<p>Modellen varierar kraftigt i vikt och just nu har vi exemplar i mellan 340-360g. Du kan alltid l\u00e4gga ett \u00f6nskem\u00e5l om vikt i orderkommentaren.<\/p><\/p>\n","protected":false},"excerpt":{"rendered":"<p>Varlion Maxima Summum Prisma Airflow \u00e4r det senaste racket i Maxima-familjen. Formen \u00e4r en mix av dropp och rund, vilket ger h\u00e4rliga allroundegenskaper med en sweet spot placerad strax \u00f6ver center i racket. Den stora nyheten p\u00e5 \u00e5rets modell \u00e4r Airflow-kanalerna i rackets tr\u00e4ffyta som ger ett mer l\u00e4ttsvingat och mer stabilt racket. Tr\u00e4ffytan \u00e4r [&hellip;]<\/p>\n","protected":false},"featured_media":71551,"comment_status":"open","ping_status":"closed","template":"","meta":[],"pwb-brand":[],"product_cat":[462,16],"product_tag":[],"woo-feed-brand":[],"class_list":{"0":"post-71555","1":"product","2":"type-product","3":"status-publish","4":"has-post-thumbnail","6":"product_cat-varlion","7":"product_cat-padelmaila","9":"first","10":"outofstock","11":"sale","12":"taxable","13":"shipping-taxable","14":"purchasable","15":"product-type-simple"},"bundled_by":[],"bundle_stock_status":"outofstock","bundle_stock_quantity":0,"bundle_virtual":false,"bundle_layout":"","bundle_add_to_cart_form_location":"","bundle_editable_in_cart":false,"bundle_sold_individually_context":"","bundle_item_grouping":"","bundle_min_size":"","bundle_max_size":"","bundled_items":[],"bundle_sell_ids":[],"acf":[],"yoast_head":"<!-- This site is optimized with the Yoast SEO plugin v23.1 - https:\/\/yoast.com\/wordpress\/plugins\/seo\/ -->\n<title>Varlion Maxima Prisma Airflow W - Nordicpadel - FI<\/title>\n<meta name=\"robots\" content=\"noindex, follow, max-snippet:-1, max-image-preview:large, max-video-preview:-1\" \/>\n<meta property=\"og:locale\" content=\"fi_FI\" \/>\n<meta property=\"og:type\" content=\"article\" \/>\n<meta property=\"og:title\" content=\"Varlion Maxima Prisma Airflow W - Nordicpadel - FI\" \/>\n<meta property=\"og:description\" content=\"Varlion Maxima Summum Prisma Airflow \u00e4r det senaste racket i Maxima-familjen. Formen \u00e4r en mix av dropp och rund, vilket ger h\u00e4rliga allroundegenskaper med en sweet spot placerad strax \u00f6ver center i racket. Den stora nyheten p\u00e5 \u00e5rets modell \u00e4r Airflow-kanalerna i rackets tr\u00e4ffyta som ger ett mer l\u00e4ttsvingat och mer stabilt racket. Tr\u00e4ffytan \u00e4r [&hellip;]\" \/>\n<meta property=\"og:url\" content=\"https:\/\/nordicpadel.com\/fi\/product\/varlion-maxima-prisma-airflow-w\/\" \/>\n<meta property=\"og:site_name\" content=\"Nordicpadel - FI\" \/>\n<meta name=\"twitter:card\" content=\"summary_large_image\" \/>\n<meta name=\"twitter:label1\" content=\"Arvioitu lukuaika\" \/>\n\t<meta name=\"twitter:data1\" content=\"1 minuutti\" \/>\n<script type=\"application\/ld+json\" class=\"yoast-schema-graph\">{\"@context\":\"https:\/\/schema.org\",\"@graph\":[{\"@type\":\"WebPage\",\"@id\":\"https:\/\/nordicpadel.com\/fi\/product\/varlion-maxima-prisma-airflow-w\/\",\"url\":\"https:\/\/nordicpadel.com\/fi\/product\/varlion-maxima-prisma-airflow-w\/\",\"name\":\"Varlion Maxima Prisma Airflow W - Nordicpadel - FI\",\"isPartOf\":{\"@id\":\"https:\/\/nordicpadel.com\/fi\/#website\"},\"primaryImageOfPage\":{\"@id\":\"https:\/\/nordicpadel.com\/fi\/product\/varlion-maxima-prisma-airflow-w\/#primaryimage\"},\"image\":{\"@id\":\"https:\/\/nordicpadel.com\/fi\/product\/varlion-maxima-prisma-airflow-w\/#primaryimage\"},\"thumbnailUrl\":\"https:\/\/nordicpadel.com\/fi\/wp-content\/uploads\/sites\/17\/2025\/11\/05d69d8d09e37b95cf31e12293ce4c1f.png\",\"datePublished\":\"2025-11-27T15:02:35+00:00\",\"dateModified\":\"2025-11-27T15:02:35+00:00\",\"breadcrumb\":{\"@id\":\"https:\/\/nordicpadel.com\/fi\/product\/varlion-maxima-prisma-airflow-w\/#breadcrumb\"},\"inLanguage\":\"fi\",\"potentialAction\":[{\"@type\":\"ReadAction\",\"target\":[\"https:\/\/nordicpadel.com\/fi\/product\/varlion-maxima-prisma-airflow-w\/\"]}]},{\"@type\":\"ImageObject\",\"inLanguage\":\"fi\",\"@id\":\"https:\/\/nordicpadel.com\/fi\/product\/varlion-maxima-prisma-airflow-w\/#primaryimage\",\"url\":\"https:\/\/nordicpadel.com\/fi\/wp-content\/uploads\/sites\/17\/2025\/11\/05d69d8d09e37b95cf31e12293ce4c1f.png\",\"contentUrl\":\"https:\/\/nordicpadel.com\/fi\/wp-content\/uploads\/sites\/17\/2025\/11\/05d69d8d09e37b95cf31e12293ce4c1f.png\",\"width\":800,\"height\":800,\"caption\":\"Varlion Maxima Prisma Airflow W\"},{\"@type\":\"BreadcrumbList\",\"@id\":\"https:\/\/nordicpadel.com\/fi\/product\/varlion-maxima-prisma-airflow-w\/#breadcrumb\",\"itemListElement\":[{\"@type\":\"ListItem\",\"position\":1,\"name\":\"Hem\",\"item\":\"https:\/\/nordicpadel.com\/fi\/\"},{\"@type\":\"ListItem\",\"position\":2,\"name\":\"Shop\",\"item\":\"https:\/\/nordicpadel.com\/fi\/shop\/\"},{\"@type\":\"ListItem\",\"position\":3,\"name\":\"Varlion Maxima Prisma Airflow W\"}]},{\"@type\":\"WebSite\",\"@id\":\"https:\/\/nordicpadel.com\/fi\/#website\",\"url\":\"https:\/\/nordicpadel.com\/fi\/\",\"name\":\"Nordicpadel - FI\",\"description\":\"\",\"potentialAction\":[{\"@type\":\"SearchAction\",\"target\":{\"@type\":\"EntryPoint\",\"urlTemplate\":\"https:\/\/nordicpadel.com\/fi\/?s={search_term_string}\"},\"query-input\":\"required name=search_term_string\"}],\"inLanguage\":\"fi\"}]}<\/script>\n<!-- \/ Yoast SEO plugin. -->","yoast_head_json":{"title":"Varlion Maxima Prisma Airflow W - Nordicpadel - FI","robots":{"index":"noindex","follow":"follow","max-snippet":"max-snippet:-1","max-image-preview":"max-image-preview:large","max-video-preview":"max-video-preview:-1"},"og_locale":"fi_FI","og_type":"article","og_title":"Varlion Maxima Prisma Airflow W - Nordicpadel - FI","og_description":"Varlion Maxima Summum Prisma Airflow \u00e4r det senaste racket i Maxima-familjen. Formen \u00e4r en mix av dropp och rund, vilket ger h\u00e4rliga allroundegenskaper med en sweet spot placerad strax \u00f6ver center i racket. Den stora nyheten p\u00e5 \u00e5rets modell \u00e4r Airflow-kanalerna i rackets tr\u00e4ffyta som ger ett mer l\u00e4ttsvingat och mer stabilt racket. Tr\u00e4ffytan \u00e4r [&hellip;]","og_url":"https:\/\/nordicpadel.com\/fi\/product\/varlion-maxima-prisma-airflow-w\/","og_site_name":"Nordicpadel - FI","twitter_card":"summary_large_image","twitter_misc":{"Arvioitu lukuaika":"1 minuutti"},"schema":{"@context":"https:\/\/schema.org","@graph":[{"@type":"WebPage","@id":"https:\/\/nordicpadel.com\/fi\/product\/varlion-maxima-prisma-airflow-w\/","url":"https:\/\/nordicpadel.com\/fi\/product\/varlion-maxima-prisma-airflow-w\/","name":"Varlion Maxima Prisma Airflow W - Nordicpadel - FI","isPartOf":{"@id":"https:\/\/nordicpadel.com\/fi\/#website"},"primaryImageOfPage":{"@id":"https:\/\/nordicpadel.com\/fi\/product\/varlion-maxima-prisma-airflow-w\/#primaryimage"},"image":{"@id":"https:\/\/nordicpadel.com\/fi\/product\/varlion-maxima-prisma-airflow-w\/#primaryimage"},"thumbnailUrl":"https:\/\/nordicpadel.com\/fi\/wp-content\/uploads\/sites\/17\/2025\/11\/05d69d8d09e37b95cf31e12293ce4c1f.png","datePublished":"2025-11-27T15:02:35+00:00","dateModified":"2025-11-27T15:02:35+00:00","breadcrumb":{"@id":"https:\/\/nordicpadel.com\/fi\/product\/varlion-maxima-prisma-airflow-w\/#breadcrumb"},"inLanguage":"fi","potentialAction":[{"@type":"ReadAction","target":["https:\/\/nordicpadel.com\/fi\/product\/varlion-maxima-prisma-airflow-w\/"]}]},{"@type":"ImageObject","inLanguage":"fi","@id":"https:\/\/nordicpadel.com\/fi\/product\/varlion-maxima-prisma-airflow-w\/#primaryimage","url":"https:\/\/nordicpadel.com\/fi\/wp-content\/uploads\/sites\/17\/2025\/11\/05d69d8d09e37b95cf31e12293ce4c1f.png","contentUrl":"https:\/\/nordicpadel.com\/fi\/wp-content\/uploads\/sites\/17\/2025\/11\/05d69d8d09e37b95cf31e12293ce4c1f.png","width":800,"height":800,"caption":"Varlion Maxima Prisma Airflow W"},{"@type":"BreadcrumbList","@id":"https:\/\/nordicpadel.com\/fi\/product\/varlion-maxima-prisma-airflow-w\/#breadcrumb","itemListElement":[{"@type":"ListItem","position":1,"name":"Hem","item":"https:\/\/nordicpadel.com\/fi\/"},{"@type":"ListItem","position":2,"name":"Shop","item":"https:\/\/nordicpadel.com\/fi\/shop\/"},{"@type":"ListItem","position":3,"name":"Varlion Maxima Prisma Airflow W"}]},{"@type":"WebSite","@id":"https:\/\/nordicpadel.com\/fi\/#website","url":"https:\/\/nordicpadel.com\/fi\/","name":"Nordicpadel - FI","description":"","potentialAction":[{"@type":"SearchAction","target":{"@type":"EntryPoint","urlTemplate":"https:\/\/nordicpadel.com\/fi\/?s={search_term_string}"},"query-input":"required name=search_term_string"}],"inLanguage":"fi"}]}},"brands":[],"_links":{"self":[{"href":"https:\/\/nordicpadel.com\/fi\/wp-json\/wp\/v2\/product\/71555","targetHints":{"allow":["GET"]}}],"collection":[{"href":"https:\/\/nordicpadel.com\/fi\/wp-json\/wp\/v2\/product"}],"about":[{"href":"https:\/\/nordicpadel.com\/fi\/wp-json\/wp\/v2\/types\/product"}],"replies":[{"embeddable":true,"href":"https:\/\/nordicpadel.com\/fi\/wp-json\/wp\/v2\/comments?post=71555"}],"wp:featuredmedia":[{"embeddable":true,"href":"https:\/\/nordicpadel.com\/fi\/wp-json\/wp\/v2\/media\/71551"}],"wp:attachment":[{"href":"https:\/\/nordicpadel.com\/fi\/wp-json\/wp\/v2\/media?parent=71555"}],"wp:term":[{"taxonomy":"pwb-brand","embeddable":true,"href":"https:\/\/nordicpadel.com\/fi\/wp-json\/wp\/v2\/pwb-brand?post=71555"},{"taxonomy":"product_cat","embeddable":true,"href":"https:\/\/nordicpadel.com\/fi\/wp-json\/wp\/v2\/product_cat?post=71555"},{"taxonomy":"product_tag","embeddable":true,"href":"https:\/\/nordicpadel.com\/fi\/wp-json\/wp\/v2\/product_tag?post=71555"},{"taxonomy":"woo-feed-brand","embeddable":true,"href":"https:\/\/nordicpadel.com\/fi\/wp-json\/wp\/v2\/woo-feed-brand?post=71555"}],"curies":[{"name":"wp","href":"https:\/\/api.w.org\/{rel}","templated":true}]}}