{"id":171,"date":"2022-05-05T07:44:51","date_gmt":"2022-05-05T06:44:51","guid":{"rendered":"https:\/\/nordicpadel.com\/sv\/?page_id=171"},"modified":"2023-01-20T13:57:54","modified_gmt":"2023-01-20T12:57:54","slug":"villkor-for-bruk","status":"publish","type":"page","link":"https:\/\/nordicpadel.com\/fi\/villkor-for-bruk\/","title":{"rendered":"Villk\u00e5r for bruk"},"content":{"rendered":"<div class=\"singl-all-txt-terms\">\n<h4>FIRMAINFORMASJON<\/h4>\n<p>Tennisshopen Scandinavia AB<\/p>\n<p>M\u00f6lndalsv\u00e4gen <\/p>\n<p>412 63 G\u00f6teborg<\/p>\n<p class=\"mrgn-zero\">E-mail:\u00a0<a href=\"mailto:hello@nordicpadel.com\">hello@nordicpadel.com<\/a><\/p>\n<p>Org.nr: 556698-4893\n<\/p><\/div>\n<div class=\"singl-all-txt-terms\">\n<h4>Godkjenning<\/h4>\n<p>Ved \u00e5 akseptere disse vilk\u00e5rene inng\u00e5s en avtale mellom Tennisshopen Scandinavia AB og deg som kunde. For hver bestilling Tennisshopen Scandinavia AB mottar sendes en automatisert ordrebekreftelse til kunden via e-post.<\/p>\n<\/div>\n<div class=\"singl-all-txt-terms\">\n<h4>\u00c5LDERSGR\u00c4NS<\/h4>\n<p>Vi i Tennisshopen Scandinavia AB har valgt \u00e5 ikke ta imot bestillinger fra personer under 18 \u00e5r.<\/p>\n<\/div>\n<div class=\"singl-all-txt-terms\">\n<h4>MOMS<\/h4>\n<p>Alla priser \u00e4r inklusive 25% moms<\/p>\n<div class=\"singl-all-txt-terms\">\n<h4>SHIPPING<\/h4>\n<p>Alle bestillinger betales med et fraktgebyr p\u00e5 69NOK.<\/p>\n<\/div>\n<div class=\"singl-all-txt-terms\">\n<h4>KUNDETILFREDSHET, GARANTIER OG KLAGER<\/h4>\n<p>Alle v\u00e5re produkter kommer fra svenske generalagenter eller internasjonale, offisielle leverand\u00f8rer av merkene vi tilbyr. Normal slitasje, som for eksempel misfarging p\u00e5 en racket, dekkes ikke av garantien. Siden vi er autoriserte forhandlere av alle produktene vi tilbyr, er fulle garantier inkludert. Blir en klage godkjent er Nordic Padel ansvarlig for fraktkostnadene, dersom reklamasjonen ikke blir godkjent er kunden ansvarlig for fraktkostnadene. Har du sp\u00f8rsm\u00e5l ang\u00e5ende garantier og reklamasjoner, er du velkommen til \u00e5 kontakte oss p\u00e5 claims@nordicpadel.com. Videre anvender Tennisshopen Scandinavia AB den svenske forbrukerkj\u00f8psloven (www.konsumentverket.se).<\/p>\n<\/div>\n<div class=\"singl-all-txt-terms\">\n<h4>ANGRERETT \/ \u00c5PENT KJ\u00d8P<\/h4>\n<p>Du har rett til \u00e5 kansellere kj\u00f8pet uten \u00e5 oppgi noen spesiell grunn innen 30 dager etter mottak av varen.<\/p>\n<p>For \u00e5 benytte deg av angreretten, legg f\u00f8lgeseddelen sammen med produktet du \u00f8nsker \u00e5 returnere og pakk det i fraktsikker emballasje. Deretter klistrer du p\u00e5 den medf\u00f8lgende returetiketten og leverer pakken til agenten, n\u00e5r vi har mottatt returen refunderer vi deg. Merk at Nordic Padel ikke er ansvarlig for returkostnaden og vil trekke 99NOK fra summen ved refusjon.<\/p>\n<p>Tilbakebetalingen vil skje uten un\u00f8dig opphold og i alle fall senest 14 dager fra den dagen vi f\u00e5r beskjed om din beslutning om \u00e5 trekke deg fra kontrakten\/kj\u00f8pet og at vi har mottatt produktene. Vi vil bruke samme betalingsmiddel for refusjonen som du selv brukte for den f\u00f8rste transaksjonen, med mindre du uttrykkelig har avtalt noe annet med oss. I alle fall vil ikke refusjonen koste deg noe.<\/p>\n<p>For gjenkj\u00f8p, retur eller bytte kontakt oss p\u00e5 e-post. V\u00e6r oppmerksom p\u00e5 at du ikke kan returnere varer i emballasje som har st\u00f8rre volum enn emballasjen du mottok varene i.<\/p>\n<p>Nordic Padel er ikke ansvarlig for fraktkostnader for returer.<\/p>\n<\/div>\n<div class=\"singl-all-txt-terms\">\n<h4>UNDERS\u00d8KINGSPLIKT<\/h4>\n<p>Du som forbruker har en forpliktelse til \u00e5 unders\u00f8ke produktet etter levering og umiddelbart rapportere eventuelle un\u00f8yaktigheter eller skader til Nordic Padel. Du som forbruker har selvf\u00f8lgelig ogs\u00e5 alltid rett til \u00e5 unders\u00f8ke produktet for \u00e5 se hva dets egenskaper, utseende og funksjon er. Det kan handle om \u00e5 kjenne p\u00e5 racketen eller ta frem sko for \u00e5 pr\u00f8ve dem. Men du kan ikke teste sko eller racketer i treningen din. Skulle du gj\u00f8re det eller p\u00e5 annen m\u00e5te bruke en vare p\u00e5 en m\u00e5te som ikke er n\u00f8dvendig, har vi krav p\u00e5 en rimelig verdireduksjon i henhold til fjernavtaleloven. Avhengig av varen du kj\u00f8pte og hvor brukt den er, kan verdireduksjonen v\u00e6re betydelig.<\/p>\n<\/div>\n<div class=\"singl-all-txt-terms\">\n<h4>SKADER VED LEVERING \/ UAVHENTET PAKKER<\/h4>\n<p>Oppdager du en eller flere skader p\u00e5 en pakke, m\u00e5 du melde dette til postkvitteringen eller ansvarlig transport\u00f8r og sende inn en skademelding senest innen 7 dager. Hent aldri skadede pakker! Skulle du ikke oppdage skaden f\u00f8r du har \u00e5pnet pakken (og skaden kan tilskrives post- eller transportselskapets h\u00e5ndtering), m\u00e5 du kontakte ansvarlig og sende inn en skademelding. Hvis en tvist med transport\u00f8ren ikke kan l\u00f8ses, vennligst kontakt oss.<\/p>\n<p>Hvis du ikke har hentet pakken din og den blir returnert til oss, vil du bli belastet med et administrasjonsgebyr p\u00e5 399NOK.<\/p>\n<\/div>\n<div class=\"singl-all-txt-terms\">\n<h4>BETALING OG REFUSJON<\/h4>\n<p>I samarbeid med Walley tilbyr vi betaling med Walley Checkout. Walley Checkout samler alle viktige betalingsm\u00e5ter i \u00e9n og samme l\u00f8sning \u2013 velg mellom Swish, direkte bank- og kortbetaling, faktura eller delbetaling (betalingsmulighetene kan variere over tid). Du bestemmer hvilken betalingsmetode du vil bruke i kassen, f\u00f8r du bekrefter kj\u00f8pet.<\/p>\n<p>Faktura eller delbetaling betyr at du mottar varene f\u00f8r du betaler. Du kan da velge \u00e5 enten betale hele bel\u00f8pet p\u00e5 en gang eller dele det opp i mindre deler. Forfallsdatoene kan variere og vises p\u00e5 fakturaen eller avdragsmeldingen som er sendt til deg. Leveringsmetoder og eventuelle tilleggsgebyrer vises i kassen f\u00f8r du bekrefter kj\u00f8pet. Det foretas en kredittsjekk som i noen tilfeller inneb\u00e6rer at det tas en kredittrapport. Ved forsinket eller ikke-eksisterende betaling p\u00e5l\u00f8per forsinkelsesgebyr og forsinkelsesrenter. Fullstendige vilk\u00e5r og betingelser for Walley finner du her: <a href=\"https:\/\/cdn.walleypay.com\/terms\/Terms_SE.pdf\">Villkor<\/a> och <a href=\"https:\/\/cdn.walleypay.com\/terms\/SECCI_SE.pdf\">SECCI<\/a>.<\/p>\n<p>P\u00e5 <a href=\"https:\/\/my.walley.se\/\">my.walley.se<\/a> kan du se og betale alle fakturaene dine fra Walley.<\/p>\n<\/div>\n<div class=\"singl-all-txt-terms\">\n<h4>PERSONVERN, PERSONOPPLYSNINGER OG ADRESSEINFORMASJON<\/h4>\n<p>N\u00e5r du aksepterer Tennisshopen Scandinavia AB sine vilk\u00e5r og betingelser, godtar du at din kj\u00f8psinformasjon og kontaktinformasjon kan brukes av Tennisshopen Scandinavia AB. Adressen din er n\u00f8dvendig for at vi skal kunne kontakte deg og levere varene dine. Du som kunde plikter \u00e5 s\u00f8rge for at oppgitt leveringsadresse er korrekt. Dataene dine lagres og brukes ogs\u00e5 til informasjons- og markedsf\u00f8ringsform\u00e5l, for eksempel via utsendelse av nyhetsbrev. Vi videreselger ikke data. Dine personopplysninger lagres i henhold til den fristen som loven krever, alternativt s\u00e5 lenge det er n\u00f8dvendig for \u00e5 opprettholde og garantere tjenesten v\u00e5r til deg som kunde, hvoretter den slettes. Hvis du protesterer mot behandling av dine personopplysninger for markedsf\u00f8ringsform\u00e5l, eller \u00f8nsker \u00e5 endre noe, har du mulighet til \u00e5 varsle oss skriftlig n\u00e5r som helst. Vi behandler dine personopplysninger med st\u00f8rste forsiktighet.<\/p>\n<p>For \u00e5 kunne gjennomf\u00f8re kj\u00f8p og leveranser av bestilte varer er det n\u00f8dvendig at dine personopplysninger deles med eksterne samarbeidspartnere. Disse partnerne er for eksempel selskaper som h\u00e5ndterer betalinger, som banken din eller Walley.<\/p>\n<\/div>\n<div class=\"singl-all-txt-terms\">\n<h4>FALSKE ORDRE OG SVINDEL<\/h4>\n<p>F\u00f8r du legger inn din bestilling, anbefaler Tennisshopen Scandinavia AB at du sjekker at all informasjon du oppgir er korrekt. Hvis du oppdager en feil, vennligst kontakt hello@nordicpadel.com s\u00e5 snart som mulig. I tilfelle av mulig svindel er Walley ansvarlig for din assistanse.<\/p>\n<\/div>\n<div class=\"singl-all-txt-terms\">\n<h4>COOKIES<\/h4>\n<p>Nordicpadel.se bruker informasjonskapsler for blant annet navigasjon og handlekurven. I f\u00f8lge Tennisshopen Scandinavia ABs retningslinjer for informasjonskapsler samles det ikke inn personlig informasjon via informasjonskapsler, og informasjon om den bes\u00f8kende spores ikke ved hjelp av informasjonskapsler. En informasjonskapsel kan ikke starte et program. Statistikken kan kun leses som tall og er ikke knyttet til en enkeltperson. Dersom du som bes\u00f8kende ikke aksepterer at nordicpadel.se bruker informasjonskapsler, kan du sl\u00e5 av funksjonen via nettleserens sikkerhetsinnstillinger. Det vil da ikke bli lagret informasjonskapsler, men du vil heller ikke kunne bruke noen av nettsidens funksjoner.<\/p>\n<\/div>\n","protected":false},"excerpt":{"rendered":"<p>FIRMAINFORMASJON Tennisshopen Scandinavia AB M\u00f6lndalsv\u00e4gen 412 63 G\u00f6teborg E-mail:\u00a0hello@nordicpadel.com Org.nr: 556698-4893 Godkjenning Ved \u00e5 akseptere disse vilk\u00e5rene inng\u00e5s en avtale mellom Tennisshopen Scandinavia AB og deg som kunde. For hver bestilling Tennisshopen Scandinavia AB mottar sendes en automatisert ordrebekreftelse til kunden via e-post. \u00c5LDERSGR\u00c4NS Vi i Tennisshopen Scandinavia AB har valgt \u00e5 ikke ta imot [&hellip;]<\/p>\n","protected":false},"author":1,"featured_media":0,"parent":0,"menu_order":0,"comment_status":"closed","ping_status":"closed","template":"","meta":{"footnotes":""},"class_list":["post-171","page","type-page","status-publish","hentry"],"acf":[],"yoast_head":"<!-- This site is optimized with the Yoast SEO plugin v23.1 - https:\/\/yoast.com\/wordpress\/plugins\/seo\/ -->\n<title>Villk\u00e5r for bruk | Nordic Padel<\/title>\n<meta name=\"description\" content=\"Her finner du alle bruksvilk\u00e5r for nordicpadel.com\/sv\" \/>\n<meta name=\"robots\" content=\"noindex, follow, max-snippet:-1, max-image-preview:large, max-video-preview:-1\" \/>\n<meta property=\"og:locale\" content=\"fi_FI\" \/>\n<meta property=\"og:type\" content=\"article\" \/>\n<meta property=\"og:title\" content=\"Villk\u00e5r for bruk | Nordic Padel\" \/>\n<meta property=\"og:description\" content=\"Her finner du alle bruksvilk\u00e5r for nordicpadel.com\/sv\" \/>\n<meta property=\"og:url\" content=\"https:\/\/nordicpadel.com\/fi\/villkor-for-bruk\/\" \/>\n<meta property=\"og:site_name\" content=\"Nordicpadel - FI\" \/>\n<meta property=\"article:modified_time\" content=\"2023-01-20T12:57:54+00:00\" \/>\n<meta name=\"twitter:card\" content=\"summary_large_image\" \/>\n<meta name=\"twitter:label1\" content=\"Arvioitu lukuaika\" \/>\n\t<meta name=\"twitter:data1\" content=\"6 minuuttia\" \/>\n<script type=\"application\/ld+json\" class=\"yoast-schema-graph\">{\"@context\":\"https:\/\/schema.org\",\"@graph\":[{\"@type\":\"WebPage\",\"@id\":\"https:\/\/nordicpadel.com\/fi\/villkor-for-bruk\/\",\"url\":\"https:\/\/nordicpadel.com\/fi\/villkor-for-bruk\/\",\"name\":\"Villk\u00e5r for bruk | Nordic Padel\",\"isPartOf\":{\"@id\":\"https:\/\/nordicpadel.com\/fi\/#website\"},\"datePublished\":\"2022-05-05T06:44:51+00:00\",\"dateModified\":\"2023-01-20T12:57:54+00:00\",\"description\":\"Her finner du alle bruksvilk\u00e5r for nordicpadel.com\/sv\",\"breadcrumb\":{\"@id\":\"https:\/\/nordicpadel.com\/fi\/villkor-for-bruk\/#breadcrumb\"},\"inLanguage\":\"fi\",\"potentialAction\":[{\"@type\":\"ReadAction\",\"target\":[\"https:\/\/nordicpadel.com\/fi\/villkor-for-bruk\/\"]}]},{\"@type\":\"BreadcrumbList\",\"@id\":\"https:\/\/nordicpadel.com\/fi\/villkor-for-bruk\/#breadcrumb\",\"itemListElement\":[{\"@type\":\"ListItem\",\"position\":1,\"name\":\"Hem\",\"item\":\"https:\/\/nordicpadel.com\/fi\/\"},{\"@type\":\"ListItem\",\"position\":2,\"name\":\"Villk\u00e5r for bruk\"}]},{\"@type\":\"WebSite\",\"@id\":\"https:\/\/nordicpadel.com\/fi\/#website\",\"url\":\"https:\/\/nordicpadel.com\/fi\/\",\"name\":\"Nordicpadel - FI\",\"description\":\"\",\"potentialAction\":[{\"@type\":\"SearchAction\",\"target\":{\"@type\":\"EntryPoint\",\"urlTemplate\":\"https:\/\/nordicpadel.com\/fi\/?s={search_term_string}\"},\"query-input\":\"required name=search_term_string\"}],\"inLanguage\":\"fi\"}]}<\/script>\n<!-- \/ Yoast SEO plugin. -->","yoast_head_json":{"title":"Villk\u00e5r for bruk | Nordic Padel","description":"Her finner du alle bruksvilk\u00e5r for nordicpadel.com\/sv","robots":{"index":"noindex","follow":"follow","max-snippet":"max-snippet:-1","max-image-preview":"max-image-preview:large","max-video-preview":"max-video-preview:-1"},"og_locale":"fi_FI","og_type":"article","og_title":"Villk\u00e5r for bruk | Nordic Padel","og_description":"Her finner du alle bruksvilk\u00e5r for nordicpadel.com\/sv","og_url":"https:\/\/nordicpadel.com\/fi\/villkor-for-bruk\/","og_site_name":"Nordicpadel - FI","article_modified_time":"2023-01-20T12:57:54+00:00","twitter_card":"summary_large_image","twitter_misc":{"Arvioitu lukuaika":"6 minuuttia"},"schema":{"@context":"https:\/\/schema.org","@graph":[{"@type":"WebPage","@id":"https:\/\/nordicpadel.com\/fi\/villkor-for-bruk\/","url":"https:\/\/nordicpadel.com\/fi\/villkor-for-bruk\/","name":"Villk\u00e5r for bruk | Nordic Padel","isPartOf":{"@id":"https:\/\/nordicpadel.com\/fi\/#website"},"datePublished":"2022-05-05T06:44:51+00:00","dateModified":"2023-01-20T12:57:54+00:00","description":"Her finner du alle bruksvilk\u00e5r for nordicpadel.com\/sv","breadcrumb":{"@id":"https:\/\/nordicpadel.com\/fi\/villkor-for-bruk\/#breadcrumb"},"inLanguage":"fi","potentialAction":[{"@type":"ReadAction","target":["https:\/\/nordicpadel.com\/fi\/villkor-for-bruk\/"]}]},{"@type":"BreadcrumbList","@id":"https:\/\/nordicpadel.com\/fi\/villkor-for-bruk\/#breadcrumb","itemListElement":[{"@type":"ListItem","position":1,"name":"Hem","item":"https:\/\/nordicpadel.com\/fi\/"},{"@type":"ListItem","position":2,"name":"Villk\u00e5r for bruk"}]},{"@type":"WebSite","@id":"https:\/\/nordicpadel.com\/fi\/#website","url":"https:\/\/nordicpadel.com\/fi\/","name":"Nordicpadel - FI","description":"","potentialAction":[{"@type":"SearchAction","target":{"@type":"EntryPoint","urlTemplate":"https:\/\/nordicpadel.com\/fi\/?s={search_term_string}"},"query-input":"required name=search_term_string"}],"inLanguage":"fi"}]}},"_links":{"self":[{"href":"https:\/\/nordicpadel.com\/fi\/wp-json\/wp\/v2\/pages\/171","targetHints":{"allow":["GET"]}}],"collection":[{"href":"https:\/\/nordicpadel.com\/fi\/wp-json\/wp\/v2\/pages"}],"about":[{"href":"https:\/\/nordicpadel.com\/fi\/wp-json\/wp\/v2\/types\/page"}],"author":[{"embeddable":true,"href":"https:\/\/nordicpadel.com\/fi\/wp-json\/wp\/v2\/users\/1"}],"replies":[{"embeddable":true,"href":"https:\/\/nordicpadel.com\/fi\/wp-json\/wp\/v2\/comments?post=171"}],"version-history":[{"count":0,"href":"https:\/\/nordicpadel.com\/fi\/wp-json\/wp\/v2\/pages\/171\/revisions"}],"wp:attachment":[{"href":"https:\/\/nordicpadel.com\/fi\/wp-json\/wp\/v2\/media?parent=171"}],"curies":[{"name":"wp","href":"https:\/\/api.w.org\/{rel}","templated":true}]}}