{"id":71622,"date":"2025-11-27T19:51:29","date_gmt":"2025-11-27T18:51:29","guid":{"rendered":"https:\/\/nordicpadel.com\/dk\/product\/bullpadel-indiga-kids\/"},"modified":"2025-11-27T19:51:29","modified_gmt":"2025-11-27T18:51:29","slug":"bullpadel-indiga-kids","status":"publish","type":"product","link":"https:\/\/nordicpadel.com\/dk\/product\/bullpadel-indiga-kids\/","title":{"rendered":"Bullpadel Indiga Kids"},"content":{"rendered":"<p><a href=\"https:\/\/nordicpadel.com\/sv\/product-category\/padelracket\/\">padelracket<\/a> till barn i en vikt p\u00e5 ca 300g. Passar till barn i \u00e5ldrarna 5-9 \u00e5r.&nbsp;<\/p>\n","protected":false},"excerpt":{"rendered":"<p>padelracket till barn i en vikt p\u00e5 ca 300g. Passar till barn i \u00e5ldrarna 5-9 \u00e5r.&nbsp;<\/p>\n","protected":false},"featured_media":71621,"comment_status":"open","ping_status":"closed","template":"","meta":[],"pwb-brand":[],"product_cat":[457,16],"product_tag":[],"woo-feed-brand":[],"class_list":{"0":"post-71622","1":"product","2":"type-product","3":"status-publish","4":"has-post-thumbnail","6":"product_cat-bullpadel","7":"product_cat-padleracketen","9":"first","10":"outofstock","11":"sale","12":"taxable","13":"shipping-taxable","14":"purchasable","15":"product-type-simple"},"bundled_by":[],"bundle_stock_status":"outofstock","bundle_stock_quantity":0,"bundle_virtual":false,"bundle_layout":"","bundle_add_to_cart_form_location":"","bundle_editable_in_cart":false,"bundle_sold_individually_context":"","bundle_item_grouping":"","bundle_min_size":"","bundle_max_size":"","bundled_items":[],"bundle_sell_ids":[],"acf":[],"yoast_head":"<!-- This site is optimized with the Yoast SEO plugin v23.1 - https:\/\/yoast.com\/wordpress\/plugins\/seo\/ -->\n<title>Bullpadel Indiga Kids - Nordicpadel - DK<\/title>\n<meta name=\"robots\" content=\"noindex, follow, max-snippet:-1, max-image-preview:large, max-video-preview:-1\" \/>\n<meta property=\"og:locale\" content=\"da_DK\" \/>\n<meta property=\"og:type\" content=\"article\" \/>\n<meta property=\"og:title\" content=\"Bullpadel Indiga Kids - Nordicpadel - DK\" \/>\n<meta property=\"og:description\" content=\"padelracket till barn i en vikt p\u00e5 ca 300g. Passar till barn i \u00e5ldrarna 5-9 \u00e5r.&nbsp;\" \/>\n<meta property=\"og:url\" content=\"https:\/\/nordicpadel.com\/dk\/product\/bullpadel-indiga-kids\/\" \/>\n<meta property=\"og:site_name\" content=\"Nordicpadel - DK\" \/>\n<meta name=\"twitter:card\" content=\"summary_large_image\" \/>\n<script type=\"application\/ld+json\" class=\"yoast-schema-graph\">{\"@context\":\"https:\/\/schema.org\",\"@graph\":[{\"@type\":\"WebPage\",\"@id\":\"https:\/\/nordicpadel.com\/dk\/product\/bullpadel-indiga-kids\/\",\"url\":\"https:\/\/nordicpadel.com\/dk\/product\/bullpadel-indiga-kids\/\",\"name\":\"Bullpadel Indiga Kids - Nordicpadel - DK\",\"isPartOf\":{\"@id\":\"https:\/\/nordicpadel.com\/dk\/#website\"},\"primaryImageOfPage\":{\"@id\":\"https:\/\/nordicpadel.com\/dk\/product\/bullpadel-indiga-kids\/#primaryimage\"},\"image\":{\"@id\":\"https:\/\/nordicpadel.com\/dk\/product\/bullpadel-indiga-kids\/#primaryimage\"},\"thumbnailUrl\":\"https:\/\/nordicpadel.com\/dk\/wp-content\/uploads\/sites\/18\/2025\/11\/4ae27fae1709c62371c7c4546c028752.png\",\"datePublished\":\"2025-11-27T18:51:29+00:00\",\"dateModified\":\"2025-11-27T18:51:29+00:00\",\"breadcrumb\":{\"@id\":\"https:\/\/nordicpadel.com\/dk\/product\/bullpadel-indiga-kids\/#breadcrumb\"},\"inLanguage\":\"da-DK\",\"potentialAction\":[{\"@type\":\"ReadAction\",\"target\":[\"https:\/\/nordicpadel.com\/dk\/product\/bullpadel-indiga-kids\/\"]}]},{\"@type\":\"ImageObject\",\"inLanguage\":\"da-DK\",\"@id\":\"https:\/\/nordicpadel.com\/dk\/product\/bullpadel-indiga-kids\/#primaryimage\",\"url\":\"https:\/\/nordicpadel.com\/dk\/wp-content\/uploads\/sites\/18\/2025\/11\/4ae27fae1709c62371c7c4546c028752.png\",\"contentUrl\":\"https:\/\/nordicpadel.com\/dk\/wp-content\/uploads\/sites\/18\/2025\/11\/4ae27fae1709c62371c7c4546c028752.png\",\"width\":800,\"height\":800,\"caption\":\"Bullpadel Indiga Kids\"},{\"@type\":\"BreadcrumbList\",\"@id\":\"https:\/\/nordicpadel.com\/dk\/product\/bullpadel-indiga-kids\/#breadcrumb\",\"itemListElement\":[{\"@type\":\"ListItem\",\"position\":1,\"name\":\"Hem\",\"item\":\"https:\/\/nordicpadel.com\/dk\/\"},{\"@type\":\"ListItem\",\"position\":2,\"name\":\"Shop\",\"item\":\"https:\/\/nordicpadel.com\/dk\/shop\/\"},{\"@type\":\"ListItem\",\"position\":3,\"name\":\"Bullpadel Indiga Kids\"}]},{\"@type\":\"WebSite\",\"@id\":\"https:\/\/nordicpadel.com\/dk\/#website\",\"url\":\"https:\/\/nordicpadel.com\/dk\/\",\"name\":\"Nordicpadel - DK\",\"description\":\"\",\"potentialAction\":[{\"@type\":\"SearchAction\",\"target\":{\"@type\":\"EntryPoint\",\"urlTemplate\":\"https:\/\/nordicpadel.com\/dk\/?s={search_term_string}\"},\"query-input\":\"required name=search_term_string\"}],\"inLanguage\":\"da-DK\"}]}<\/script>\n<!-- \/ Yoast SEO plugin. -->","yoast_head_json":{"title":"Bullpadel Indiga Kids - Nordicpadel - DK","robots":{"index":"noindex","follow":"follow","max-snippet":"max-snippet:-1","max-image-preview":"max-image-preview:large","max-video-preview":"max-video-preview:-1"},"og_locale":"da_DK","og_type":"article","og_title":"Bullpadel Indiga Kids - Nordicpadel - DK","og_description":"padelracket till barn i en vikt p\u00e5 ca 300g. Passar till barn i \u00e5ldrarna 5-9 \u00e5r.&nbsp;","og_url":"https:\/\/nordicpadel.com\/dk\/product\/bullpadel-indiga-kids\/","og_site_name":"Nordicpadel - DK","twitter_card":"summary_large_image","schema":{"@context":"https:\/\/schema.org","@graph":[{"@type":"WebPage","@id":"https:\/\/nordicpadel.com\/dk\/product\/bullpadel-indiga-kids\/","url":"https:\/\/nordicpadel.com\/dk\/product\/bullpadel-indiga-kids\/","name":"Bullpadel Indiga Kids - Nordicpadel - DK","isPartOf":{"@id":"https:\/\/nordicpadel.com\/dk\/#website"},"primaryImageOfPage":{"@id":"https:\/\/nordicpadel.com\/dk\/product\/bullpadel-indiga-kids\/#primaryimage"},"image":{"@id":"https:\/\/nordicpadel.com\/dk\/product\/bullpadel-indiga-kids\/#primaryimage"},"thumbnailUrl":"https:\/\/nordicpadel.com\/dk\/wp-content\/uploads\/sites\/18\/2025\/11\/4ae27fae1709c62371c7c4546c028752.png","datePublished":"2025-11-27T18:51:29+00:00","dateModified":"2025-11-27T18:51:29+00:00","breadcrumb":{"@id":"https:\/\/nordicpadel.com\/dk\/product\/bullpadel-indiga-kids\/#breadcrumb"},"inLanguage":"da-DK","potentialAction":[{"@type":"ReadAction","target":["https:\/\/nordicpadel.com\/dk\/product\/bullpadel-indiga-kids\/"]}]},{"@type":"ImageObject","inLanguage":"da-DK","@id":"https:\/\/nordicpadel.com\/dk\/product\/bullpadel-indiga-kids\/#primaryimage","url":"https:\/\/nordicpadel.com\/dk\/wp-content\/uploads\/sites\/18\/2025\/11\/4ae27fae1709c62371c7c4546c028752.png","contentUrl":"https:\/\/nordicpadel.com\/dk\/wp-content\/uploads\/sites\/18\/2025\/11\/4ae27fae1709c62371c7c4546c028752.png","width":800,"height":800,"caption":"Bullpadel Indiga Kids"},{"@type":"BreadcrumbList","@id":"https:\/\/nordicpadel.com\/dk\/product\/bullpadel-indiga-kids\/#breadcrumb","itemListElement":[{"@type":"ListItem","position":1,"name":"Hem","item":"https:\/\/nordicpadel.com\/dk\/"},{"@type":"ListItem","position":2,"name":"Shop","item":"https:\/\/nordicpadel.com\/dk\/shop\/"},{"@type":"ListItem","position":3,"name":"Bullpadel Indiga Kids"}]},{"@type":"WebSite","@id":"https:\/\/nordicpadel.com\/dk\/#website","url":"https:\/\/nordicpadel.com\/dk\/","name":"Nordicpadel - DK","description":"","potentialAction":[{"@type":"SearchAction","target":{"@type":"EntryPoint","urlTemplate":"https:\/\/nordicpadel.com\/dk\/?s={search_term_string}"},"query-input":"required name=search_term_string"}],"inLanguage":"da-DK"}]}},"brands":[],"_links":{"self":[{"href":"https:\/\/nordicpadel.com\/dk\/wp-json\/wp\/v2\/product\/71622","targetHints":{"allow":["GET"]}}],"collection":[{"href":"https:\/\/nordicpadel.com\/dk\/wp-json\/wp\/v2\/product"}],"about":[{"href":"https:\/\/nordicpadel.com\/dk\/wp-json\/wp\/v2\/types\/product"}],"replies":[{"embeddable":true,"href":"https:\/\/nordicpadel.com\/dk\/wp-json\/wp\/v2\/comments?post=71622"}],"wp:featuredmedia":[{"embeddable":true,"href":"https:\/\/nordicpadel.com\/dk\/wp-json\/wp\/v2\/media\/71621"}],"wp:attachment":[{"href":"https:\/\/nordicpadel.com\/dk\/wp-json\/wp\/v2\/media?parent=71622"}],"wp:term":[{"taxonomy":"pwb-brand","embeddable":true,"href":"https:\/\/nordicpadel.com\/dk\/wp-json\/wp\/v2\/pwb-brand?post=71622"},{"taxonomy":"product_cat","embeddable":true,"href":"https:\/\/nordicpadel.com\/dk\/wp-json\/wp\/v2\/product_cat?post=71622"},{"taxonomy":"product_tag","embeddable":true,"href":"https:\/\/nordicpadel.com\/dk\/wp-json\/wp\/v2\/product_tag?post=71622"},{"taxonomy":"woo-feed-brand","embeddable":true,"href":"https:\/\/nordicpadel.com\/dk\/wp-json\/wp\/v2\/woo-feed-brand?post=71622"}],"curies":[{"name":"wp","href":"https:\/\/api.w.org\/{rel}","templated":true}]}}