{"id":71579,"date":"2025-11-27T19:16:30","date_gmt":"2025-11-27T18:16:30","guid":{"rendered":"https:\/\/nordicpadel.com\/dk\/product\/4on-total-grip\/"},"modified":"2026-03-29T22:33:26","modified_gmt":"2026-03-29T21:33:26","slug":"4on-total-grip","status":"publish","type":"product","link":"https:\/\/nordicpadel.com\/dk\/product\/4on-total-grip\/","title":{"rendered":"4on Total Grip"},"content":{"rendered":"<p>TotalGrip \u00e4r en non-slip kr\u00e4m som \u00e4r perfekt f\u00f6r dig som beh\u00f6ver stabilisera ditt grepp &amp; d\u00e4mpa svettningar i h\u00e4nderna.<br id=\"isPasted\"><br \/>Kr\u00e4men \u00e4r tillverkad och framtagen f\u00f6r sporten Padel, men funkar bra i andra sportsammanhang.<\/p>\n<p>TotalGrips unika egenskaper st\u00f6ter bort vatten, f\u00f6rhindrar svett och l\u00e4mnar ett maximalt grepp och friktion i v\u00e5ta, svettiga och varma f\u00f6rh\u00e5llanden.<\/p>\n<p>TotalGrip ger dig \u00f6verl\u00e4gset grepp och maximal kontroll s\u00e5 att du kan prestera p\u00e5 topp.<\/p>\n<p>Rekommenderad anv\u00e4ndning:<br \/>Applicera en liten m\u00e4ngd p\u00e5 fingertopparna och sm\u00f6rj in p\u00e5 handflatan med \u00f6nskad hand.<\/p>\n<p>Volym: 50 ml<\/p>\n","protected":false},"excerpt":{"rendered":"<p>TotalGrip \u00e4r en non-slip kr\u00e4m som \u00e4r perfekt f\u00f6r dig som beh\u00f6ver stabilisera ditt grepp &amp; d\u00e4mpa svettningar i h\u00e4nderna.Kr\u00e4men \u00e4r tillverkad och framtagen f\u00f6r sporten Padel, men funkar bra i andra sportsammanhang. TotalGrips unika egenskaper st\u00f6ter bort vatten, f\u00f6rhindrar svett och l\u00e4mnar ett maximalt grepp och friktion i v\u00e5ta, svettiga och varma f\u00f6rh\u00e5llanden. TotalGrip [&hellip;]<\/p>\n","protected":false},"featured_media":71578,"comment_status":"open","ping_status":"closed","template":"","meta":[],"pwb-brand":[],"product_cat":[466,43],"product_tag":[],"woo-feed-brand":[],"class_list":{"0":"post-71579","1":"product","2":"type-product","3":"status-publish","4":"has-post-thumbnail","6":"product_cat-4on","7":"product_cat-gripeomslag","9":"first","10":"instock","11":"sale","12":"taxable","13":"shipping-taxable","14":"purchasable","15":"product-type-simple"},"bundled_by":[],"bundle_stock_status":"instock","bundle_stock_quantity":16,"bundle_virtual":false,"bundle_layout":"","bundle_add_to_cart_form_location":"","bundle_editable_in_cart":false,"bundle_sold_individually_context":"","bundle_item_grouping":"","bundle_min_size":"","bundle_max_size":"","bundled_items":[],"bundle_sell_ids":[],"acf":[],"yoast_head":"<!-- This site is optimized with the Yoast SEO plugin v23.1 - https:\/\/yoast.com\/wordpress\/plugins\/seo\/ -->\n<title>4on Total Grip - Nordicpadel - DK<\/title>\n<meta name=\"robots\" content=\"noindex, follow, max-snippet:-1, max-image-preview:large, max-video-preview:-1\" \/>\n<meta property=\"og:locale\" content=\"da_DK\" \/>\n<meta property=\"og:type\" content=\"article\" \/>\n<meta property=\"og:title\" content=\"4on Total Grip - Nordicpadel - DK\" \/>\n<meta property=\"og:description\" content=\"TotalGrip \u00e4r en non-slip kr\u00e4m som \u00e4r perfekt f\u00f6r dig som beh\u00f6ver stabilisera ditt grepp &amp; d\u00e4mpa svettningar i h\u00e4nderna.Kr\u00e4men \u00e4r tillverkad och framtagen f\u00f6r sporten Padel, men funkar bra i andra sportsammanhang. TotalGrips unika egenskaper st\u00f6ter bort vatten, f\u00f6rhindrar svett och l\u00e4mnar ett maximalt grepp och friktion i v\u00e5ta, svettiga och varma f\u00f6rh\u00e5llanden. TotalGrip [&hellip;]\" \/>\n<meta property=\"og:url\" content=\"https:\/\/nordicpadel.com\/dk\/product\/4on-total-grip\/\" \/>\n<meta property=\"og:site_name\" content=\"Nordicpadel - DK\" \/>\n<meta property=\"article:modified_time\" content=\"2026-03-29T21:33:26+00:00\" \/>\n<meta property=\"og:image\" content=\"https:\/\/nordicpadel.com\/dk\/wp-content\/uploads\/sites\/18\/2025\/11\/97ca3a61780ad9d635420ecdfe1ad4b1.png\" \/>\n\t<meta property=\"og:image:width\" content=\"800\" \/>\n\t<meta property=\"og:image:height\" content=\"800\" \/>\n\t<meta property=\"og:image:type\" content=\"image\/png\" \/>\n<meta name=\"twitter:card\" content=\"summary_large_image\" \/>\n<meta name=\"twitter:label1\" content=\"Estimeret l\u00e6setid\" \/>\n\t<meta name=\"twitter:data1\" content=\"1 minut\" \/>\n<script type=\"application\/ld+json\" class=\"yoast-schema-graph\">{\"@context\":\"https:\/\/schema.org\",\"@graph\":[{\"@type\":\"WebPage\",\"@id\":\"https:\/\/nordicpadel.com\/dk\/product\/4on-total-grip\/\",\"url\":\"https:\/\/nordicpadel.com\/dk\/product\/4on-total-grip\/\",\"name\":\"4on Total Grip - Nordicpadel - DK\",\"isPartOf\":{\"@id\":\"https:\/\/nordicpadel.com\/dk\/#website\"},\"primaryImageOfPage\":{\"@id\":\"https:\/\/nordicpadel.com\/dk\/product\/4on-total-grip\/#primaryimage\"},\"image\":{\"@id\":\"https:\/\/nordicpadel.com\/dk\/product\/4on-total-grip\/#primaryimage\"},\"thumbnailUrl\":\"https:\/\/nordicpadel.com\/dk\/wp-content\/uploads\/sites\/18\/2025\/11\/97ca3a61780ad9d635420ecdfe1ad4b1.png\",\"datePublished\":\"2025-11-27T18:16:30+00:00\",\"dateModified\":\"2026-03-29T21:33:26+00:00\",\"breadcrumb\":{\"@id\":\"https:\/\/nordicpadel.com\/dk\/product\/4on-total-grip\/#breadcrumb\"},\"inLanguage\":\"da-DK\",\"potentialAction\":[{\"@type\":\"ReadAction\",\"target\":[\"https:\/\/nordicpadel.com\/dk\/product\/4on-total-grip\/\"]}]},{\"@type\":\"ImageObject\",\"inLanguage\":\"da-DK\",\"@id\":\"https:\/\/nordicpadel.com\/dk\/product\/4on-total-grip\/#primaryimage\",\"url\":\"https:\/\/nordicpadel.com\/dk\/wp-content\/uploads\/sites\/18\/2025\/11\/97ca3a61780ad9d635420ecdfe1ad4b1.png\",\"contentUrl\":\"https:\/\/nordicpadel.com\/dk\/wp-content\/uploads\/sites\/18\/2025\/11\/97ca3a61780ad9d635420ecdfe1ad4b1.png\",\"width\":800,\"height\":800,\"caption\":\"4on Total Grip\"},{\"@type\":\"BreadcrumbList\",\"@id\":\"https:\/\/nordicpadel.com\/dk\/product\/4on-total-grip\/#breadcrumb\",\"itemListElement\":[{\"@type\":\"ListItem\",\"position\":1,\"name\":\"Hem\",\"item\":\"https:\/\/nordicpadel.com\/dk\/\"},{\"@type\":\"ListItem\",\"position\":2,\"name\":\"Shop\",\"item\":\"https:\/\/nordicpadel.com\/dk\/shop\/\"},{\"@type\":\"ListItem\",\"position\":3,\"name\":\"4on Total Grip\"}]},{\"@type\":\"WebSite\",\"@id\":\"https:\/\/nordicpadel.com\/dk\/#website\",\"url\":\"https:\/\/nordicpadel.com\/dk\/\",\"name\":\"Nordicpadel - DK\",\"description\":\"\",\"potentialAction\":[{\"@type\":\"SearchAction\",\"target\":{\"@type\":\"EntryPoint\",\"urlTemplate\":\"https:\/\/nordicpadel.com\/dk\/?s={search_term_string}\"},\"query-input\":\"required name=search_term_string\"}],\"inLanguage\":\"da-DK\"}]}<\/script>\n<!-- \/ Yoast SEO plugin. -->","yoast_head_json":{"title":"4on Total Grip - Nordicpadel - DK","robots":{"index":"noindex","follow":"follow","max-snippet":"max-snippet:-1","max-image-preview":"max-image-preview:large","max-video-preview":"max-video-preview:-1"},"og_locale":"da_DK","og_type":"article","og_title":"4on Total Grip - Nordicpadel - DK","og_description":"TotalGrip \u00e4r en non-slip kr\u00e4m som \u00e4r perfekt f\u00f6r dig som beh\u00f6ver stabilisera ditt grepp &amp; d\u00e4mpa svettningar i h\u00e4nderna.Kr\u00e4men \u00e4r tillverkad och framtagen f\u00f6r sporten Padel, men funkar bra i andra sportsammanhang. TotalGrips unika egenskaper st\u00f6ter bort vatten, f\u00f6rhindrar svett och l\u00e4mnar ett maximalt grepp och friktion i v\u00e5ta, svettiga och varma f\u00f6rh\u00e5llanden. TotalGrip [&hellip;]","og_url":"https:\/\/nordicpadel.com\/dk\/product\/4on-total-grip\/","og_site_name":"Nordicpadel - DK","article_modified_time":"2026-03-29T21:33:26+00:00","og_image":[{"width":800,"height":800,"url":"https:\/\/nordicpadel.com\/dk\/wp-content\/uploads\/sites\/18\/2025\/11\/97ca3a61780ad9d635420ecdfe1ad4b1.png","type":"image\/png"}],"twitter_card":"summary_large_image","twitter_misc":{"Estimeret l\u00e6setid":"1 minut"},"schema":{"@context":"https:\/\/schema.org","@graph":[{"@type":"WebPage","@id":"https:\/\/nordicpadel.com\/dk\/product\/4on-total-grip\/","url":"https:\/\/nordicpadel.com\/dk\/product\/4on-total-grip\/","name":"4on Total Grip - Nordicpadel - DK","isPartOf":{"@id":"https:\/\/nordicpadel.com\/dk\/#website"},"primaryImageOfPage":{"@id":"https:\/\/nordicpadel.com\/dk\/product\/4on-total-grip\/#primaryimage"},"image":{"@id":"https:\/\/nordicpadel.com\/dk\/product\/4on-total-grip\/#primaryimage"},"thumbnailUrl":"https:\/\/nordicpadel.com\/dk\/wp-content\/uploads\/sites\/18\/2025\/11\/97ca3a61780ad9d635420ecdfe1ad4b1.png","datePublished":"2025-11-27T18:16:30+00:00","dateModified":"2026-03-29T21:33:26+00:00","breadcrumb":{"@id":"https:\/\/nordicpadel.com\/dk\/product\/4on-total-grip\/#breadcrumb"},"inLanguage":"da-DK","potentialAction":[{"@type":"ReadAction","target":["https:\/\/nordicpadel.com\/dk\/product\/4on-total-grip\/"]}]},{"@type":"ImageObject","inLanguage":"da-DK","@id":"https:\/\/nordicpadel.com\/dk\/product\/4on-total-grip\/#primaryimage","url":"https:\/\/nordicpadel.com\/dk\/wp-content\/uploads\/sites\/18\/2025\/11\/97ca3a61780ad9d635420ecdfe1ad4b1.png","contentUrl":"https:\/\/nordicpadel.com\/dk\/wp-content\/uploads\/sites\/18\/2025\/11\/97ca3a61780ad9d635420ecdfe1ad4b1.png","width":800,"height":800,"caption":"4on Total Grip"},{"@type":"BreadcrumbList","@id":"https:\/\/nordicpadel.com\/dk\/product\/4on-total-grip\/#breadcrumb","itemListElement":[{"@type":"ListItem","position":1,"name":"Hem","item":"https:\/\/nordicpadel.com\/dk\/"},{"@type":"ListItem","position":2,"name":"Shop","item":"https:\/\/nordicpadel.com\/dk\/shop\/"},{"@type":"ListItem","position":3,"name":"4on Total Grip"}]},{"@type":"WebSite","@id":"https:\/\/nordicpadel.com\/dk\/#website","url":"https:\/\/nordicpadel.com\/dk\/","name":"Nordicpadel - DK","description":"","potentialAction":[{"@type":"SearchAction","target":{"@type":"EntryPoint","urlTemplate":"https:\/\/nordicpadel.com\/dk\/?s={search_term_string}"},"query-input":"required name=search_term_string"}],"inLanguage":"da-DK"}]}},"brands":[],"_links":{"self":[{"href":"https:\/\/nordicpadel.com\/dk\/wp-json\/wp\/v2\/product\/71579","targetHints":{"allow":["GET"]}}],"collection":[{"href":"https:\/\/nordicpadel.com\/dk\/wp-json\/wp\/v2\/product"}],"about":[{"href":"https:\/\/nordicpadel.com\/dk\/wp-json\/wp\/v2\/types\/product"}],"replies":[{"embeddable":true,"href":"https:\/\/nordicpadel.com\/dk\/wp-json\/wp\/v2\/comments?post=71579"}],"wp:featuredmedia":[{"embeddable":true,"href":"https:\/\/nordicpadel.com\/dk\/wp-json\/wp\/v2\/media\/71578"}],"wp:attachment":[{"href":"https:\/\/nordicpadel.com\/dk\/wp-json\/wp\/v2\/media?parent=71579"}],"wp:term":[{"taxonomy":"pwb-brand","embeddable":true,"href":"https:\/\/nordicpadel.com\/dk\/wp-json\/wp\/v2\/pwb-brand?post=71579"},{"taxonomy":"product_cat","embeddable":true,"href":"https:\/\/nordicpadel.com\/dk\/wp-json\/wp\/v2\/product_cat?post=71579"},{"taxonomy":"product_tag","embeddable":true,"href":"https:\/\/nordicpadel.com\/dk\/wp-json\/wp\/v2\/product_tag?post=71579"},{"taxonomy":"woo-feed-brand","embeddable":true,"href":"https:\/\/nordicpadel.com\/dk\/wp-json\/wp\/v2\/woo-feed-brand?post=71579"}],"curies":[{"name":"wp","href":"https:\/\/api.w.org\/{rel}","templated":true}]}}